{"id":753,"date":"2021-11-19T03:31:41","date_gmt":"2021-11-19T03:31:41","guid":{"rendered":"https:\/\/hicubans.com\/contact\/"},"modified":"2025-12-06T21:15:19","modified_gmt":"2025-12-06T21:15:19","slug":"contact","status":"publish","type":"page","link":"https:\/\/hicubans.com\/en\/contact\/","title":{"rendered":"Contact"},"content":{"rendered":"<div data-elementor-type=\"wp-page\" data-elementor-id=\"753\" class=\"elementor elementor-753\">\n\t\t\t\t<div class=\"elementor-element elementor-element-fb59f9f e-flex e-con-boxed e-con e-parent\" data-id=\"fb59f9f\" data-element_type=\"container\" data-e-type=\"container\" data-settings=\"{&quot;background_background&quot;:&quot;classic&quot;}\">\n\t\t\t\t\t<div class=\"e-con-inner\">\n\t\t<div class=\"elementor-element elementor-element-08f0208 e-flex e-con-boxed e-con e-child\" data-id=\"08f0208\" data-element_type=\"container\" data-e-type=\"container\">\n\t\t\t\t\t<div class=\"e-con-inner\">\n\t\t\t\t<div class=\"elementor-element elementor-element-b4808b6 elementor-widget elementor-widget-heading\" data-id=\"b4808b6\" data-element_type=\"widget\" data-e-type=\"widget\" data-widget_type=\"heading.default\">\n\t\t\t\t\t<h1 class=\"elementor-heading-title elementor-size-default\">Cont\u00e1ctanos<\/h1>\t\t\t\t<\/div>\n\t\t\t\t<div class=\"elementor-element elementor-element-43ada1e elementor-widget elementor-widget-text-editor\" data-id=\"43ada1e\" data-element_type=\"widget\" data-e-type=\"widget\" data-widget_type=\"text-editor.default\">\n\t\t\t\t\t\t\t\t\t<p>Si\u00e9ntete libre de dejarnos un mensaje!<\/p>\t\t\t\t\t\t\t\t<\/div>\n\t\t\t\t\t<\/div>\n\t\t\t\t<\/div>\n\t\t\t\t\t<\/div>\n\t\t\t\t<\/div>\n\t\t<div class=\"elementor-element elementor-element-9be3a9b e-flex e-con-boxed e-con e-parent\" data-id=\"9be3a9b\" data-element_type=\"container\" data-e-type=\"container\">\n\t\t\t\t\t<div class=\"e-con-inner\">\n\t\t<div class=\"elementor-element elementor-element-c97a8bf e-con-full e-flex e-con e-child\" data-id=\"c97a8bf\" data-element_type=\"container\" data-e-type=\"container\">\n\t\t\t\t<div class=\"elementor-element elementor-element-f7e5fbc elementor-widget elementor-widget-heading\" data-id=\"f7e5fbc\" data-element_type=\"widget\" data-e-type=\"widget\" data-widget_type=\"heading.default\">\n\t\t\t\t\t<h4 class=\"elementor-heading-title elementor-size-default\">Horarios<\/h4>\t\t\t\t<\/div>\n\t\t<div class=\"elementor-element elementor-element-f691507 e-con-full e-flex e-con e-child\" data-id=\"f691507\" data-element_type=\"container\" data-e-type=\"container\">\n\t\t\t\t<div class=\"elementor-element elementor-element-315ad3d elementor-widget__width-auto elementor-widget elementor-widget-text-editor\" data-id=\"315ad3d\" data-element_type=\"widget\" data-e-type=\"widget\" data-widget_type=\"text-editor.default\">\n\t\t\t\t\t\t\t\t\t<p>Lunes &#8211; Viernes<\/p>\t\t\t\t\t\t\t\t<\/div>\n\t\t\t\t<div class=\"elementor-element elementor-element-3ae74d7 elementor-widget__width-auto elementor-widget elementor-widget-text-editor\" data-id=\"3ae74d7\" data-element_type=\"widget\" data-e-type=\"widget\" data-widget_type=\"text-editor.default\">\n\t\t\t\t\t\t\t\t\t<p>7:00AM &#8211; 5:00PM<\/p>\t\t\t\t\t\t\t\t<\/div>\n\t\t\t\t<\/div>\n\t\t\t\t<div class=\"elementor-element elementor-element-b6bfc22 elementor-widget-divider--view-line elementor-widget elementor-widget-divider\" data-id=\"b6bfc22\" data-element_type=\"widget\" data-e-type=\"widget\" data-widget_type=\"divider.default\">\n\t\t\t\t\t\t\t<div class=\"elementor-divider\">\n\t\t\t<span class=\"elementor-divider-separator\">\n\t\t\t\t\t\t<\/span>\n\t\t<\/div>\n\t\t\t\t\t\t<\/div>\n\t\t<div class=\"elementor-element elementor-element-1b6adff e-con-full e-flex e-con e-child\" data-id=\"1b6adff\" data-element_type=\"container\" data-e-type=\"container\">\n\t\t\t\t<div class=\"elementor-element elementor-element-3dab8ca elementor-widget__width-auto elementor-widget elementor-widget-text-editor\" data-id=\"3dab8ca\" data-element_type=\"widget\" data-e-type=\"widget\" data-widget_type=\"text-editor.default\">\n\t\t\t\t\t\t\t\t\t<p>S\u00e1bado<\/p>\t\t\t\t\t\t\t\t<\/div>\n\t\t\t\t<div class=\"elementor-element elementor-element-4175018 elementor-widget__width-auto elementor-widget elementor-widget-text-editor\" data-id=\"4175018\" data-element_type=\"widget\" data-e-type=\"widget\" data-widget_type=\"text-editor.default\">\n\t\t\t\t\t\t\t\t\t<p>7:00AM &#8211; 4:00PM<\/p>\t\t\t\t\t\t\t\t<\/div>\n\t\t\t\t<\/div>\n\t\t\t\t<div class=\"elementor-element elementor-element-afa0ca5 elementor-widget-divider--view-line elementor-widget elementor-widget-divider\" data-id=\"afa0ca5\" data-element_type=\"widget\" data-e-type=\"widget\" data-widget_type=\"divider.default\">\n\t\t\t\t\t\t\t<div class=\"elementor-divider\">\n\t\t\t<span class=\"elementor-divider-separator\">\n\t\t\t\t\t\t<\/span>\n\t\t<\/div>\n\t\t\t\t\t\t<\/div>\n\t\t<div class=\"elementor-element elementor-element-ac14eb5 e-con-full e-flex e-con e-child\" data-id=\"ac14eb5\" data-element_type=\"container\" data-e-type=\"container\">\n\t\t\t\t<div class=\"elementor-element elementor-element-33fc6c6 elementor-widget__width-auto elementor-widget elementor-widget-text-editor\" data-id=\"33fc6c6\" data-element_type=\"widget\" data-e-type=\"widget\" data-widget_type=\"text-editor.default\">\n\t\t\t\t\t\t\t\t\t<p>Domingo<\/p>\t\t\t\t\t\t\t\t<\/div>\n\t\t\t\t<div class=\"elementor-element elementor-element-a7f8622 elementor-widget__width-auto elementor-widget elementor-widget-text-editor\" data-id=\"a7f8622\" data-element_type=\"widget\" data-e-type=\"widget\" data-widget_type=\"text-editor.default\">\n\t\t\t\t\t\t\t\t\t<p>Cerrado<\/p>\t\t\t\t\t\t\t\t<\/div>\n\t\t\t\t<\/div>\n\t\t\t\t<\/div>\n\t\t<div class=\"elementor-element elementor-element-ed56f42 e-con-full e-flex e-con e-child\" data-id=\"ed56f42\" data-element_type=\"container\" data-e-type=\"container\">\n\t\t\t\t<div class=\"elementor-element elementor-element-3e4d289 elementor-widget elementor-widget-heading\" data-id=\"3e4d289\" data-element_type=\"widget\" data-e-type=\"widget\" data-widget_type=\"heading.default\">\n\t\t\t\t\t<h3 class=\"elementor-heading-title elementor-size-default\">D\u00f3nde nos Encontrarnos?<\/h3>\t\t\t\t<\/div>\n\t\t\t\t<div class=\"elementor-element elementor-element-9cde5a9 elementor-widget elementor-widget-text-editor\" data-id=\"9cde5a9\" data-element_type=\"widget\" data-e-type=\"widget\" data-widget_type=\"text-editor.default\">\n\t\t\t\t\t\t\t\t\t<div class=\"place-name\">231 Del Prado Blvd S #10<\/div>\t\t\t\t\t\t\t\t<\/div>\n\t\t\t\t<div class=\"elementor-element elementor-element-0866e35 elementor-align-center elementor-widget elementor-widget-button\" data-id=\"0866e35\" data-element_type=\"widget\" data-e-type=\"widget\" data-widget_type=\"button.default\">\n\t\t\t\t\t\t\t\t\t\t<a class=\"elementor-button elementor-button-link elementor-size-sm elementor-animation-float\" href=\"https:\/\/maps.app.goo.gl\/KeSTTpKB1UPnCjBj8\">\n\t\t\t\t\t\t<span class=\"elementor-button-content-wrapper\">\n\t\t\t\t\t\t\t\t\t<span class=\"elementor-button-text\">Ver en el Mapa<\/span>\n\t\t\t\t\t<\/span>\n\t\t\t\t\t<\/a>\n\t\t\t\t\t\t\t\t<\/div>\n\t\t\t\t<\/div>\n\t\t<div class=\"elementor-element elementor-element-d81821e e-con-full e-flex e-con e-child\" data-id=\"d81821e\" data-element_type=\"container\" data-e-type=\"container\">\n\t\t\t\t<div class=\"elementor-element elementor-element-5c14e54 elementor-widget elementor-widget-heading\" data-id=\"5c14e54\" data-element_type=\"widget\" data-e-type=\"widget\" data-widget_type=\"heading.default\">\n\t\t\t\t\t<h4 class=\"elementor-heading-title elementor-size-default\">Cont\u00e1ctanos<\/h4>\t\t\t\t<\/div>\n\t\t\t\t<div class=\"elementor-element elementor-element-b2da1a6 elementor-widget elementor-widget-text-editor\" data-id=\"b2da1a6\" data-element_type=\"widget\" data-e-type=\"widget\" data-widget_type=\"text-editor.default\">\n\t\t\t\t\t\t\t\t\t<p>+1 (239) 471-7176<\/p>\t\t\t\t\t\t\t\t<\/div>\n\t\t\t\t<div class=\"elementor-element elementor-element-2031919 elementor-widget elementor-widget-text-editor\" data-id=\"2031919\" data-element_type=\"widget\" data-e-type=\"widget\" data-widget_type=\"text-editor.default\">\n\t\t\t\t\t\t\t\t\t<p>hicuba25@icloud.com<\/p>\t\t\t\t\t\t\t\t<\/div>\n\t\t\t\t<div class=\"elementor-element elementor-element-ed7416f e-grid-align-mobile-center elementor-shape-rounded elementor-grid-0 e-grid-align-center elementor-widget elementor-widget-social-icons\" data-id=\"ed7416f\" data-element_type=\"widget\" data-e-type=\"widget\" data-widget_type=\"social-icons.default\">\n\t\t\t\t\t\t\t<div class=\"elementor-social-icons-wrapper elementor-grid\" role=\"list\">\n\t\t\t\t\t\t\t<span class=\"elementor-grid-item\" role=\"listitem\">\n\t\t\t\t\t<a class=\"elementor-icon elementor-social-icon elementor-social-icon- elementor-repeater-item-cc328cc\" target=\"_blank\">\n\t\t\t\t\t\t<span class=\"elementor-screen-only\"><\/span>\n\t\t\t\t\t\t<svg xmlns=\"http:\/\/www.w3.org\/2000\/svg\" id=\"facebook-logo\" width=\"8.036\" height=\"14.864\" viewbox=\"0 0 8.036 14.864\"><path id=\"Path_1\" data-name=\"Path 1\" d=\"M29.81,0,27.883,0a3.385,3.385,0,0,0-3.565,3.658V5.345H22.38a.3.3,0,0,0-.3.3V8.091a.3.3,0,0,0,.3.3h1.938v6.166a.3.3,0,0,0,.3.3H27.15a.3.3,0,0,0,.3-.3V8.395h2.266a.3.3,0,0,0,.3-.3V5.648a.3.3,0,0,0-.3-.3H27.453V3.915c0-.687.164-1.036,1.059-1.036h1.3a.3.3,0,0,0,.3-.3V.306A.3.3,0,0,0,29.81,0Z\" transform=\"translate(-22.077 0)\"><\/path><\/svg>\t\t\t\t\t<\/a>\n\t\t\t\t<\/span>\n\t\t\t\t\t\t\t<span class=\"elementor-grid-item\" role=\"listitem\">\n\t\t\t\t\t<a class=\"elementor-icon elementor-social-icon elementor-social-icon- elementor-repeater-item-cc0914c\" target=\"_blank\">\n\t\t\t\t\t\t<span class=\"elementor-screen-only\"><\/span>\n\t\t\t\t\t\t<svg xmlns=\"http:\/\/www.w3.org\/2000\/svg\" id=\"twitter\" width=\"15.583\" height=\"12.661\" viewbox=\"0 0 15.583 12.661\"><g id=\"Group_3\" data-name=\"Group 3\" transform=\"translate(0 0)\"><path id=\"Path_2\" data-name=\"Path 2\" d=\"M15.583,49.5a6.661,6.661,0,0,1-1.841.5,3.177,3.177,0,0,0,1.405-1.766,6.384,6.384,0,0,1-2.026.773A3.194,3.194,0,0,0,7.6,51.2a3.29,3.29,0,0,0,.074.729,9.042,9.042,0,0,1-6.585-3.342,3.2,3.2,0,0,0,.982,4.27,3.155,3.155,0,0,1-1.443-.393v.035a3.209,3.209,0,0,0,2.559,3.139,3.189,3.189,0,0,1-.838.105,2.825,2.825,0,0,1-.6-.055,3.225,3.225,0,0,0,2.985,2.225A6.419,6.419,0,0,1,.765,59.271,5.983,5.983,0,0,1,0,59.227a8.994,8.994,0,0,0,4.9,1.434,9.03,9.03,0,0,0,9.093-9.091c0-.141,0-.278-.012-.413A6.373,6.373,0,0,0,15.583,49.5Z\" transform=\"translate(0 -48)\"><\/path><\/g><\/svg>\t\t\t\t\t<\/a>\n\t\t\t\t<\/span>\n\t\t\t\t\t\t\t<span class=\"elementor-grid-item\" role=\"listitem\">\n\t\t\t\t\t<a class=\"elementor-icon elementor-social-icon elementor-social-icon- elementor-repeater-item-1ea09c3\" target=\"_blank\">\n\t\t\t\t\t\t<span class=\"elementor-screen-only\"><\/span>\n\t\t\t\t\t\t<svg xmlns=\"http:\/\/www.w3.org\/2000\/svg\" id=\"instagram\" width=\"16.647\" height=\"16.647\" viewbox=\"0 0 16.647 16.647\"><path id=\"Path_24957\" data-name=\"Path 24957\" d=\"M12.14,0H4.505A4.511,4.511,0,0,0,0,4.506v7.635a4.511,4.511,0,0,0,4.506,4.506H12.14a4.511,4.511,0,0,0,4.506-4.506V4.506A4.511,4.511,0,0,0,12.14,0ZM8.323,12.875a4.552,4.552,0,1,1,4.552-4.552A4.557,4.557,0,0,1,8.323,12.875Zm4.661-8.03A1.345,1.345,0,1,1,14.328,3.5,1.346,1.346,0,0,1,12.983,4.845Zm0,0\" transform=\"translate(0.001 0)\"><\/path><path id=\"Path_24958\" data-name=\"Path 24958\" d=\"M149.6,146.02a3.576,3.576,0,1,0,3.576,3.576A3.58,3.58,0,0,0,149.6,146.02Zm0,0\" transform=\"translate(-141.272 -141.272)\"><\/path><path id=\"Path_24959\" data-name=\"Path 24959\" d=\"M388.361,96.3a.369.369,0,1,0,.369.369A.37.37,0,0,0,388.361,96.3Zm0,0\" transform=\"translate(-375.377 -93.17)\"><\/path><\/svg>\t\t\t\t\t<\/a>\n\t\t\t\t<\/span>\n\t\t\t\t\t\t\t<span class=\"elementor-grid-item\" role=\"listitem\">\n\t\t\t\t\t<a class=\"elementor-icon elementor-social-icon elementor-social-icon- elementor-repeater-item-04d5833\" target=\"_blank\">\n\t\t\t\t\t\t<span class=\"elementor-screen-only\"><\/span>\n\t\t\t\t\t\t<svg xmlns=\"http:\/\/www.w3.org\/2000\/svg\" id=\"linkedin\" width=\"13.539\" height=\"13.015\" viewbox=\"0 0 13.539 13.015\"><g id=\"Group_5\" data-name=\"Group 5\" transform=\"translate(0 3.707)\"><g id=\"Group_4\" data-name=\"Group 4\"><rect id=\"Rectangle_2\" data-name=\"Rectangle 2\" width=\"3.028\" height=\"9.308\"><\/rect><\/g><\/g><g id=\"Group_7\" data-name=\"Group 7\" transform=\"translate(4.231 3.707)\"><g id=\"Group_6\" data-name=\"Group 6\"><path id=\"Path_6\" data-name=\"Path 6\" d=\"M167.044,160.109c-.032-.01-.063-.021-.1-.03s-.081-.017-.123-.024a2.712,2.712,0,0,0-.543-.055,4.207,4.207,0,0,0-3.254,1.78V160H160v9.308h3.028v-5.077s2.288-3.187,3.254-.846v5.923h3.027v-6.281A3.019,3.019,0,0,0,167.044,160.109Z\" transform=\"translate(-160 -160)\"><\/path><\/g><\/g><g id=\"Group_9\" data-name=\"Group 9\" transform=\"translate(0.524 0)\"><g id=\"Group_8\" data-name=\"Group 8\" transform=\"translate(0 0)\"><circle id=\"Ellipse_5\" data-name=\"Ellipse 5\" cx=\"1.07\" cy=\"1.07\" r=\"1.07\"><\/circle><\/g><\/g><\/svg>\t\t\t\t\t<\/a>\n\t\t\t\t<\/span>\n\t\t\t\t\t<\/div>\n\t\t\t\t\t\t<\/div>\n\t\t\t\t<\/div>\n\t\t\t\t\t<\/div>\n\t\t\t\t<\/div>\n\t\t\t\t<\/div>","protected":false},"excerpt":{"rendered":"<p>Cont\u00e1ctanos Si\u00e9ntete libre de dejarnos un mensaje! Horarios Lunes &#8211; Viernes 7:00AM &#8211; 5:00PM S\u00e1bado 7:00AM &#8211; 4:00PM Domingo Cerrado D\u00f3nde nos Encontrarnos? 231 Del Prado Blvd S #10 Ver [&hellip;]<\/p>","protected":false},"author":1,"featured_media":0,"parent":0,"menu_order":0,"comment_status":"closed","ping_status":"closed","template":"elementor_header_footer","meta":{"breadcrumbs_single_post":"","page_title_panel":"","breadcrumbs_single_page":"","single_page_alignment":"","single_page_margin":"","page_structure_type":"","content_style_source":"","content_style":"","blog_post_streched_ed":"","blog_page_streched_ed":"","has_transparent_header":"","disable_transparent_header":"","vertical_spacing_source":"","content_area_spacing":"","single_post_content_background":"","single_page_content_background":"","single_post_boxed_content_spacing":"","single_page_boxed_content_spacing":"","single_post_content_boxed_radius":"","single_page_content_boxed_radius":"","disable_featured_image":"","disable_post_tags":"","disable_author_box":"","disable_posts_navigation":"","disable_comments":"","disable_related_posts":"","disable_header":"","disable_footer":"","footnotes":""},"class_list":["post-753","page","type-page","status-publish","hentry","rishi-post","no-post-thumbnail"],"aioseo_notices":[],"_hostinger_reach_plugin_has_subscription_block":false,"_hostinger_reach_plugin_is_elementor":false,"_links":{"self":[{"href":"https:\/\/hicubans.com\/en\/wp-json\/wp\/v2\/pages\/753","targetHints":{"allow":["GET"]}}],"collection":[{"href":"https:\/\/hicubans.com\/en\/wp-json\/wp\/v2\/pages"}],"about":[{"href":"https:\/\/hicubans.com\/en\/wp-json\/wp\/v2\/types\/page"}],"author":[{"embeddable":true,"href":"https:\/\/hicubans.com\/en\/wp-json\/wp\/v2\/users\/1"}],"replies":[{"embeddable":true,"href":"https:\/\/hicubans.com\/en\/wp-json\/wp\/v2\/comments?post=753"}],"version-history":[{"count":21,"href":"https:\/\/hicubans.com\/en\/wp-json\/wp\/v2\/pages\/753\/revisions"}],"predecessor-version":[{"id":5067,"href":"https:\/\/hicubans.com\/en\/wp-json\/wp\/v2\/pages\/753\/revisions\/5067"}],"wp:attachment":[{"href":"https:\/\/hicubans.com\/en\/wp-json\/wp\/v2\/media?parent=753"}],"curies":[{"name":"wp","href":"https:\/\/api.w.org\/{rel}","templated":true}]}}